{"id":49,"date":"2020-07-01T14:56:12","date_gmt":"2020-07-01T11:56:12","guid":{"rendered":"https:\/\/premiumwellness.ro\/?page_id=49"},"modified":"2024-09-10T13:08:00","modified_gmt":"2024-09-10T10:08:00","slug":"restaurant-2","status":"publish","type":"page","link":"https:\/\/premiumwellness.ro\/en\/restaurant-2\/","title":{"rendered":"Restaurant"},"content":{"rendered":"\t\t<div data-elementor-type=\"wp-page\" data-elementor-id=\"49\" class=\"elementor elementor-49\">\n\t\t\t\t\t\t<section class=\"elementor-section elementor-top-section elementor-element elementor-element-833065e elementor-section-boxed elementor-section-height-default elementor-section-height-default\" data-id=\"833065e\" data-element_type=\"section\" data-e-type=\"section\">\n\t\t\t\t\t\t<div class=\"elementor-container elementor-column-gap-default\">\n\t\t\t\t\t<div class=\"elementor-column elementor-col-33 elementor-top-column elementor-element elementor-element-7bf9cec\" data-id=\"7bf9cec\" data-element_type=\"column\" data-e-type=\"column\">\n\t\t\t<div class=\"elementor-widget-wrap elementor-element-populated\">\n\t\t\t\t\t\t<div class=\"elementor-element elementor-element-27eaa3c elementor-widget elementor-widget-image\" data-id=\"27eaa3c\" data-element_type=\"widget\" data-e-type=\"widget\" data-widget_type=\"image.default\">\n\t\t\t\t<div class=\"elementor-widget-container\">\n\t\t\t\t\t\t\t\t\t\t\t\t\t\t\t\t<a href=\"http:\/\/premiumwellness.ro\/wp-content\/uploads\/Meniu-food-2020_PWI_EN.doc\">\n\t\t\t\t\t\t\t<img decoding=\"async\" width=\"133\" height=\"193\" src=\"https:\/\/premiumwellness.ro\/wp-content\/uploads\/restaurant-meniu.png\" class=\"attachment-large size-large wp-image-345\" alt=\"\" title=\"\">\t\t\t\t\t\t\t\t<\/a>\n\t\t\t\t\t\t\t\t\t\t\t\t\t\t\t<\/div>\n\t\t\t\t<\/div>\n\t\t\t\t\t<\/div>\n\t\t<\/div>\n\t\t\t\t<div class=\"elementor-column elementor-col-33 elementor-top-column elementor-element elementor-element-c86e509\" data-id=\"c86e509\" data-element_type=\"column\" data-e-type=\"column\">\n\t\t\t<div class=\"elementor-widget-wrap elementor-element-populated\">\n\t\t\t\t\t\t<div class=\"elementor-element elementor-element-68d4772 elementor-widget elementor-widget-image\" data-id=\"68d4772\" data-element_type=\"widget\" data-e-type=\"widget\" data-widget_type=\"image.default\">\n\t\t\t\t<div class=\"elementor-widget-container\">\n\t\t\t\t\t\t\t\t\t\t\t\t\t\t\t\t<a href=\"http:\/\/premiumwellness.ro\/wp-content\/uploads\/Meniu-food-2020_PWI_EN.doc\">\n\t\t\t\t\t\t\t<img decoding=\"async\" width=\"133\" height=\"193\" src=\"https:\/\/premiumwellness.ro\/wp-content\/uploads\/restaurant-meniu.png\" class=\"attachment-large size-large wp-image-345\" alt=\"\" title=\"\">\t\t\t\t\t\t\t\t<\/a>\n\t\t\t\t\t\t\t\t\t\t\t\t\t\t\t<\/div>\n\t\t\t\t<\/div>\n\t\t\t\t\t<\/div>\n\t\t<\/div>\n\t\t\t\t<div class=\"elementor-column elementor-col-33 elementor-top-column elementor-element elementor-element-9e6b3ce\" data-id=\"9e6b3ce\" data-element_type=\"column\" data-e-type=\"column\">\n\t\t\t<div class=\"elementor-widget-wrap elementor-element-populated\">\n\t\t\t\t\t\t<div class=\"elementor-element elementor-element-ac7b0c6 elementor-widget elementor-widget-image\" data-id=\"ac7b0c6\" data-element_type=\"widget\" data-e-type=\"widget\" data-widget_type=\"image.default\">\n\t\t\t\t<div class=\"elementor-widget-container\">\n\t\t\t\t\t\t\t\t\t\t\t\t\t\t\t\t<a href=\"http:\/\/premiumwellness.ro\/wp-content\/uploads\/Meniu-food-2020_PWI_EN.doc\">\n\t\t\t\t\t\t\t<img decoding=\"async\" width=\"133\" height=\"193\" src=\"https:\/\/premiumwellness.ro\/wp-content\/uploads\/restaurant-meniu.png\" class=\"attachment-large size-large wp-image-345\" alt=\"\" title=\"\">\t\t\t\t\t\t\t\t<\/a>\n\t\t\t\t\t\t\t\t\t\t\t\t\t\t\t<\/div>\n\t\t\t\t<\/div>\n\t\t\t\t\t<\/div>\n\t\t<\/div>\n\t\t\t\t\t<\/div>\n\t\t<\/section>\n\t\t\t\t<section class=\"elementor-section elementor-top-section elementor-element elementor-element-18e6a91 elementor-section-boxed elementor-section-height-default elementor-section-height-default\" data-id=\"18e6a91\" data-element_type=\"section\" data-e-type=\"section\">\n\t\t\t\t\t\t<div class=\"elementor-container elementor-column-gap-default\">\n\t\t\t\t\t<div class=\"elementor-column elementor-col-33 elementor-top-column elementor-element elementor-element-d45a347\" data-id=\"d45a347\" data-element_type=\"column\" data-e-type=\"column\">\n\t\t\t<div class=\"elementor-widget-wrap elementor-element-populated\">\n\t\t\t\t\t\t<div class=\"elementor-element elementor-element-88cd8e2 elementor-align-center elementor-widget elementor-widget-button\" data-id=\"88cd8e2\" data-element_type=\"widget\" data-e-type=\"widget\" data-widget_type=\"button.default\">\n\t\t\t\t<div class=\"elementor-widget-container\">\n\t\t\t\t\t\t\t\t\t<div class=\"elementor-button-wrapper\">\n\t\t\t\t\t<a class=\"elementor-button elementor-button-link elementor-size-sm\" href=\"\">\n\t\t\t\t\t\t<span class=\"elementor-button-content-wrapper\">\n\t\t\t\t\t\t\t\t\t<span class=\"elementor-button-text\">FOOD <\/span>\n\t\t\t\t\t<\/span>\n\t\t\t\t\t<\/a>\n\t\t\t\t<\/div>\n\t\t\t\t\t\t\t\t<\/div>\n\t\t\t\t<\/div>\n\t\t\t\t\t<\/div>\n\t\t<\/div>\n\t\t\t\t<div class=\"elementor-column elementor-col-33 elementor-top-column elementor-element elementor-element-92de858\" data-id=\"92de858\" data-element_type=\"column\" data-e-type=\"column\">\n\t\t\t<div class=\"elementor-widget-wrap elementor-element-populated\">\n\t\t\t\t\t\t<div class=\"elementor-element elementor-element-17f2b0a elementor-align-center elementor-widget elementor-widget-button\" data-id=\"17f2b0a\" data-element_type=\"widget\" data-e-type=\"widget\" data-widget_type=\"button.default\">\n\t\t\t\t<div class=\"elementor-widget-container\">\n\t\t\t\t\t\t\t\t\t<div class=\"elementor-button-wrapper\">\n\t\t\t\t\t<a class=\"elementor-button elementor-button-link elementor-size-sm\" href=\"\">\n\t\t\t\t\t\t<span class=\"elementor-button-content-wrapper\">\n\t\t\t\t\t\t\t\t\t<span class=\"elementor-button-text\">DRINKS<\/span>\n\t\t\t\t\t<\/span>\n\t\t\t\t\t<\/a>\n\t\t\t\t<\/div>\n\t\t\t\t\t\t\t\t<\/div>\n\t\t\t\t<\/div>\n\t\t\t\t\t<\/div>\n\t\t<\/div>\n\t\t\t\t<div class=\"elementor-column elementor-col-33 elementor-top-column elementor-element elementor-element-a9f4255\" data-id=\"a9f4255\" data-element_type=\"column\" data-e-type=\"column\">\n\t\t\t<div class=\"elementor-widget-wrap elementor-element-populated\">\n\t\t\t\t\t\t<div class=\"elementor-element elementor-element-4b65eb4 elementor-align-center elementor-widget elementor-widget-button\" data-id=\"4b65eb4\" data-element_type=\"widget\" data-e-type=\"widget\" data-widget_type=\"button.default\">\n\t\t\t\t<div class=\"elementor-widget-container\">\n\t\t\t\t\t\t\t\t\t<div class=\"elementor-button-wrapper\">\n\t\t\t\t\t<a class=\"elementor-button elementor-button-link elementor-size-sm\" href=\"\">\n\t\t\t\t\t\t<span class=\"elementor-button-content-wrapper\">\n\t\t\t\t\t\t\t\t\t<span class=\"elementor-button-text\">COCKTAILS<\/span>\n\t\t\t\t\t<\/span>\n\t\t\t\t\t<\/a>\n\t\t\t\t<\/div>\n\t\t\t\t\t\t\t\t<\/div>\n\t\t\t\t<\/div>\n\t\t\t\t\t<\/div>\n\t\t<\/div>\n\t\t\t\t\t<\/div>\n\t\t<\/section>\n\t\t\t\t<section class=\"elementor-section elementor-top-section elementor-element elementor-element-551c4ec4 elementor-section-boxed elementor-section-height-default elementor-section-height-default\" data-id=\"551c4ec4\" data-element_type=\"section\" data-e-type=\"section\">\n\t\t\t\t\t\t<div class=\"elementor-container elementor-column-gap-default\">\n\t\t\t\t\t<div class=\"elementor-column elementor-col-100 elementor-top-column elementor-element elementor-element-38c9d142\" data-id=\"38c9d142\" data-element_type=\"column\" data-e-type=\"column\">\n\t\t\t<div class=\"elementor-widget-wrap elementor-element-populated\">\n\t\t\t\t\t\t<div class=\"elementor-element elementor-element-43e6b187 elementor-widget elementor-widget-text-editor\" data-id=\"43e6b187\" data-element_type=\"widget\" data-e-type=\"widget\" data-widget_type=\"text-editor.default\">\n\t\t\t\t<div class=\"elementor-widget-container\">\n\t\t\t\t\t\t\t\t\t\n<p>Un stil de via\u021b\u0103 s\u0103n\u0103tos se reflect\u0103 \u00een aten\u021bia pe care o acord\u0103m, nu numai fizicului nostru, ci \u0219i alimenta\u021biei noastre. O diet\u0103 echilibrat\u0103, care \u00eent\u0103re\u0219te, revitalizeaz\u0103 \u0219i energizeaz\u0103 \u00eentregul corp ar trebui s\u0103 includ\u0103 mese care combin\u0103 inteligent \u0219tiin\u021ba g\u0103titului cu arta gustului, oferind experien\u021be culinare supreme.<\/p>\n<p><em>\u00a0<\/em><\/p>\n<p><img fetchpriority=\"high\" decoding=\"async\" class=\"alignnone size-full wp-image-342\" src=\"http:\/\/premiumwellness.ro\/wp-content\/uploads\/PremiumWellness-Restaurant-03.jpg\" alt=\"\" width=\"1920\" height=\"1080\" title=\"\" srcset=\"https:\/\/premiumwellness.ro\/wp-content\/uploads\/PremiumWellness-Restaurant-03.jpg 1920w, https:\/\/premiumwellness.ro\/wp-content\/uploads\/PremiumWellness-Restaurant-03-300x169.jpg 300w, https:\/\/premiumwellness.ro\/wp-content\/uploads\/PremiumWellness-Restaurant-03-1024x576.jpg 1024w, https:\/\/premiumwellness.ro\/wp-content\/uploads\/PremiumWellness-Restaurant-03-768x432.jpg 768w, https:\/\/premiumwellness.ro\/wp-content\/uploads\/PremiumWellness-Restaurant-03-1536x864.jpg 1536w\" sizes=\"(max-width: 1920px) 100vw, 1920px\" \/><\/p>\n\n<p>Restaurantul Premium Wellness rafineaz\u0103 \u0219i completeaz\u0103 gama de servicii high-end pe care le oferim. Pentru a satisface cele mai \u00eenalte a\u0219tept\u0103ri \u0219i cele mai exigente gusturi, asigur\u00e2nd \u00een acela\u0219i timp vitalitate, energie \u0219i s\u0103n\u0103tate optime, buc\u0103tarii no\u0219tri creeaz\u0103 cu aten\u021bie meniul al\u0103turi de profesioni\u0219ti \u00een nutri\u021bie.<\/p>\n<p><img decoding=\"async\" class=\"alignnone size-full wp-image-169\" src=\"http:\/\/premiumwellness.ro\/wp-content\/uploads\/banner-restaurant.jpg\" alt=\"\" width=\"700\" height=\"354\" title=\"\" srcset=\"https:\/\/premiumwellness.ro\/wp-content\/uploads\/banner-restaurant.jpg 700w, https:\/\/premiumwellness.ro\/wp-content\/uploads\/banner-restaurant-300x152.jpg 300w\" sizes=\"(max-width: 700px) 100vw, 700px\" \/><\/p>\n\n<p>Aten\u021bia la detalii se remarc\u0103 \u00een calitatea preparatelor noastre rafinate, \u00een serviciile de expertiz\u0103 pe care le oferim, dar \u0219i \u00een atmosfera cu totul deosebit\u0103 \u0219i designul interior al restaurantului nostru. O combina\u021bie revigorant\u0103 de modernism \u0219i rafinament v\u0103 invit\u0103 s\u0103 v\u0103 re\u00eenc\u0103rca\u021bi \u0219i s\u0103 v\u0103 relaxa\u021bi la Restaurantul Premium Wellness.<\/p>\n\t\t\t\t\t\t\t\t<\/div>\n\t\t\t\t<\/div>\n\t\t\t\t\t<\/div>\n\t\t<\/div>\n\t\t\t\t\t<\/div>\n\t\t<\/section>\n\t\t\t\t<section class=\"elementor-section elementor-top-section elementor-element elementor-element-c41fd38 elementor-section-boxed elementor-section-height-default elementor-section-height-default\" data-id=\"c41fd38\" data-element_type=\"section\" data-e-type=\"section\">\n\t\t\t\t\t\t<div class=\"elementor-container elementor-column-gap-default\">\n\t\t\t\t\t<div class=\"elementor-column elementor-col-100 elementor-top-column elementor-element elementor-element-2678225\" data-id=\"2678225\" data-element_type=\"column\" data-e-type=\"column\">\n\t\t\t<div class=\"elementor-widget-wrap elementor-element-populated\">\n\t\t\t\t\t\t<div class=\"elementor-element elementor-element-227f8db elementor-widget elementor-widget-heading\" data-id=\"227f8db\" data-element_type=\"widget\" data-e-type=\"widget\" data-widget_type=\"heading.default\">\n\t\t\t\t<div class=\"elementor-widget-container\">\n\t\t\t\t\t<h2 class=\"elementor-heading-title elementor-size-default\">contact<\/h2>\t\t\t\t<\/div>\n\t\t\t\t<\/div>\n\t\t\t\t<div class=\"elementor-element elementor-element-4dc75c4 elementor-widget elementor-widget-text-editor\" data-id=\"4dc75c4\" data-element_type=\"widget\" data-e-type=\"widget\" data-widget_type=\"text-editor.default\">\n\t\t\t\t<div class=\"elementor-widget-container\">\n\t\t\t\t\t\t\t\t\t<p><a href=\"tel:+0749044721\" target=\"_blank\" rel=\"noopener\">(+4) 749.044.721<\/a><br \/><a href=\"mailto:reservations@premiumwellness.ro\">reservations@premiumwellness.ro<\/a><\/p>\t\t\t\t\t\t\t\t<\/div>\n\t\t\t\t<\/div>\n\t\t\t\t\t<\/div>\n\t\t<\/div>\n\t\t\t\t\t<\/div>\n\t\t<\/section>\n\t\t\t\t<section class=\"elementor-section elementor-top-section elementor-element elementor-element-4d37134 elementor-section-boxed elementor-section-height-default elementor-section-height-default\" data-id=\"4d37134\" data-element_type=\"section\" data-e-type=\"section\">\n\t\t\t\t\t\t<div class=\"elementor-container elementor-column-gap-default\">\n\t\t\t\t\t<div class=\"elementor-column elementor-col-50 elementor-top-column elementor-element elementor-element-f0a974c elementor-invisible\" data-id=\"f0a974c\" data-element_type=\"column\" data-e-type=\"column\" data-settings=\"{&quot;background_background&quot;:&quot;classic&quot;,&quot;animation&quot;:&quot;fadeInUp&quot;}\">\n\t\t\t<div class=\"elementor-widget-wrap elementor-element-populated\">\n\t\t\t\t\t<div class=\"elementor-background-overlay\"><\/div>\n\t\t\t\t\t\t<div class=\"elementor-element elementor-element-ff3a04d elementor-widget elementor-widget-heading\" data-id=\"ff3a04d\" data-element_type=\"widget\" data-e-type=\"widget\" data-widget_type=\"heading.default\">\n\t\t\t\t<div class=\"elementor-widget-container\">\n\t\t\t\t\t<h3 class=\"elementor-heading-title elementor-size-default\">Conference Hall<\/h3>\t\t\t\t<\/div>\n\t\t\t\t<\/div>\n\t\t\t\t<div class=\"elementor-element elementor-element-acec6c6 elementor-widget elementor-widget-text-editor\" data-id=\"acec6c6\" data-element_type=\"widget\" data-e-type=\"widget\" data-widget_type=\"text-editor.default\">\n\t\t\t\t<div class=\"elementor-widget-container\">\n\t\t\t\t\t\t\t\t\t<p>The place where networking and social interaction are materialized into successful projects.<\/p>\t\t\t\t\t\t\t\t<\/div>\n\t\t\t\t<\/div>\n\t\t\t\t<div class=\"elementor-element elementor-element-19c0571 elementor-align-left btn-ghost elementor-widget elementor-widget-button\" data-id=\"19c0571\" data-element_type=\"widget\" data-e-type=\"widget\" data-widget_type=\"button.default\">\n\t\t\t\t<div class=\"elementor-widget-container\">\n\t\t\t\t\t\t\t\t\t<div class=\"elementor-button-wrapper\">\n\t\t\t\t\t<a class=\"elementor-button elementor-button-link elementor-size-sm\" href=\"http:\/\/premiumwellness.ro\/conference\/\">\n\t\t\t\t\t\t<span class=\"elementor-button-content-wrapper\">\n\t\t\t\t\t\t\t\t\t<span class=\"elementor-button-text\">Find out more<\/span>\n\t\t\t\t\t<\/span>\n\t\t\t\t\t<\/a>\n\t\t\t\t<\/div>\n\t\t\t\t\t\t\t\t<\/div>\n\t\t\t\t<\/div>\n\t\t\t\t\t<\/div>\n\t\t<\/div>\n\t\t\t\t<div class=\"elementor-column elementor-col-50 elementor-top-column elementor-element elementor-element-c258abb elementor-invisible\" data-id=\"c258abb\" data-element_type=\"column\" data-e-type=\"column\" data-settings=\"{&quot;background_background&quot;:&quot;classic&quot;,&quot;animation&quot;:&quot;fadeInUp&quot;,&quot;animation_delay&quot;:300}\">\n\t\t\t<div class=\"elementor-widget-wrap elementor-element-populated\">\n\t\t\t\t\t<div class=\"elementor-background-overlay\"><\/div>\n\t\t\t\t\t\t<div class=\"elementor-element elementor-element-238a794 elementor-widget elementor-widget-heading\" data-id=\"238a794\" data-element_type=\"widget\" data-e-type=\"widget\" data-widget_type=\"heading.default\">\n\t\t\t\t<div class=\"elementor-widget-container\">\n\t\t\t\t\t<h3 class=\"elementor-heading-title elementor-size-default\">Hotel<\/h3>\t\t\t\t<\/div>\n\t\t\t\t<\/div>\n\t\t\t\t<div class=\"elementor-element elementor-element-8b497ef elementor-widget elementor-widget-text-editor\" data-id=\"8b497ef\" data-element_type=\"widget\" data-e-type=\"widget\" data-widget_type=\"text-editor.default\">\n\t\t\t\t<div class=\"elementor-widget-container\">\n\t\t\t\t\t\t\t\t\t<p>The perfect place to rest and unwind.<\/p>\n<\/br><\/br>\t\t\t\t\t\t\t\t<\/div>\n\t\t\t\t<\/div>\n\t\t\t\t<div class=\"elementor-element elementor-element-0dc610d elementor-align-left btn-ghost elementor-widget elementor-widget-button\" data-id=\"0dc610d\" data-element_type=\"widget\" data-e-type=\"widget\" data-widget_type=\"button.default\">\n\t\t\t\t<div class=\"elementor-widget-container\">\n\t\t\t\t\t\t\t\t\t<div class=\"elementor-button-wrapper\">\n\t\t\t\t\t<a class=\"elementor-button elementor-button-link elementor-size-sm\" href=\"http:\/\/premiumwellness.ro\/hotel\/\">\n\t\t\t\t\t\t<span class=\"elementor-button-content-wrapper\">\n\t\t\t\t\t\t\t\t\t<span class=\"elementor-button-text\">Find out more<\/span>\n\t\t\t\t\t<\/span>\n\t\t\t\t\t<\/a>\n\t\t\t\t<\/div>\n\t\t\t\t\t\t\t\t<\/div>\n\t\t\t\t<\/div>\n\t\t\t\t\t<\/div>\n\t\t<\/div>\n\t\t\t\t\t<\/div>\n\t\t<\/section>\n\t\t\t\t<\/div>\n\t\t","protected":false},"excerpt":{"rendered":"<p>FOOD DRINKS COCKTAILS Un stil de via\u021b\u0103 s\u0103n\u0103tos se reflect\u0103 \u00een aten\u021bia pe care o acord\u0103m, nu numai fizicului nostru, ci \u0219i alimenta\u021biei noastre. O diet\u0103 echilibrat\u0103, care \u00eent\u0103re\u0219te, revitalizeaz\u0103 \u0219i energizeaz\u0103 \u00eentregul corp ar trebui s\u0103 includ\u0103 mese care combin\u0103 inteligent \u0219tiin\u021ba g\u0103titului cu arta gustului, oferind experien\u021be culinare supreme. \u00a0 Restaurantul Premium Wellness<\/p>\n","protected":false},"author":2,"featured_media":338,"parent":0,"menu_order":0,"comment_status":"closed","ping_status":"closed","template":"","meta":{"footnotes":""},"class_list":["post-49","page","type-page","status-publish","has-post-thumbnail","hentry"],"_links":{"self":[{"href":"https:\/\/premiumwellness.ro\/en\/wp-json\/wp\/v2\/pages\/49"}],"collection":[{"href":"https:\/\/premiumwellness.ro\/en\/wp-json\/wp\/v2\/pages"}],"about":[{"href":"https:\/\/premiumwellness.ro\/en\/wp-json\/wp\/v2\/types\/page"}],"author":[{"embeddable":true,"href":"https:\/\/premiumwellness.ro\/en\/wp-json\/wp\/v2\/users\/2"}],"replies":[{"embeddable":true,"href":"https:\/\/premiumwellness.ro\/en\/wp-json\/wp\/v2\/comments?post=49"}],"version-history":[{"count":17,"href":"https:\/\/premiumwellness.ro\/en\/wp-json\/wp\/v2\/pages\/49\/revisions"}],"predecessor-version":[{"id":3419,"href":"https:\/\/premiumwellness.ro\/en\/wp-json\/wp\/v2\/pages\/49\/revisions\/3419"}],"wp:featuredmedia":[{"embeddable":true,"href":"https:\/\/premiumwellness.ro\/en\/wp-json\/wp\/v2\/media\/338"}],"wp:attachment":[{"href":"https:\/\/premiumwellness.ro\/en\/wp-json\/wp\/v2\/media?parent=49"}],"curies":[{"name":"wp","href":"https:\/\/api.w.org\/{rel}","templated":true}]}}