{"id":61,"date":"2020-07-01T14:58:57","date_gmt":"2020-07-01T11:58:57","guid":{"rendered":"https:\/\/premiumwellness.ro\/?page_id=61"},"modified":"2020-07-20T15:14:07","modified_gmt":"2020-07-20T12:14:07","slug":"childrens-swimming-lessons","status":"publish","type":"page","link":"https:\/\/premiumwellness.ro\/en\/swimming-lessons\/childrens-swimming-lessons\/","title":{"rendered":"Children&#8217;s swimming lessons"},"content":{"rendered":"\t\t<div data-elementor-type=\"wp-page\" data-elementor-id=\"61\" class=\"elementor elementor-61\">\n\t\t\t\t\t\t<section class=\"elementor-section elementor-top-section elementor-element elementor-element-323ed8b elementor-section-boxed elementor-section-height-default elementor-section-height-default\" data-id=\"323ed8b\" data-element_type=\"section\" data-e-type=\"section\">\n\t\t\t\t\t\t<div class=\"elementor-container elementor-column-gap-default\">\n\t\t\t\t\t<div class=\"elementor-column elementor-col-100 elementor-top-column elementor-element elementor-element-1262c62\" data-id=\"1262c62\" data-element_type=\"column\" data-e-type=\"column\">\n\t\t\t<div class=\"elementor-widget-wrap elementor-element-populated\">\n\t\t\t\t\t\t<div class=\"elementor-element elementor-element-427c4bc elementor-widget elementor-widget-text-editor\" data-id=\"427c4bc\" data-element_type=\"widget\" data-e-type=\"widget\" data-widget_type=\"text-editor.default\">\n\t\t\t\t<div class=\"elementor-widget-container\">\n\t\t\t\t\t\t\t\t\t<p>Swimming is a life skill, great exercise, and a challenging sport.<\/p><p>Whether you\u2019re looking for swim classes for your kids, want to learn water safety, or enjoy swimming as a form of exercise, you\u2019ll find what you\u2019re looking for at Premium Wellness Institute. \u00a0\u00a0<\/p><p><img fetchpriority=\"high\" decoding=\"async\" class=\"alignnone size-full wp-image-259\" src=\"http:\/\/premiumwellness.ro\/wp-content\/uploads\/antrenor-inot-premium-wellness2.jpg\" alt=\"\" width=\"1400\" height=\"933\" title=\"\" srcset=\"https:\/\/premiumwellness.ro\/wp-content\/uploads\/antrenor-inot-premium-wellness2.jpg 1400w, https:\/\/premiumwellness.ro\/wp-content\/uploads\/antrenor-inot-premium-wellness2-300x200.jpg 300w, https:\/\/premiumwellness.ro\/wp-content\/uploads\/antrenor-inot-premium-wellness2-1024x682.jpg 1024w, https:\/\/premiumwellness.ro\/wp-content\/uploads\/antrenor-inot-premium-wellness2-768x512.jpg 768w\" sizes=\"(max-width: 1400px) 100vw, 1400px\" \/><\/p><p>The guarantee of the swimming courses within the Sports Center is that you will learn with concentration and intensity, but at the same time, with a smile on your face!<\/p><p><img decoding=\"async\" class=\"alignnone size-full wp-image-261\" src=\"http:\/\/premiumwellness.ro\/wp-content\/uploads\/Premium-Wellness-Antrenor-Inot-1.jpeg\" alt=\"\" width=\"1400\" height=\"933\" title=\"\" srcset=\"https:\/\/premiumwellness.ro\/wp-content\/uploads\/Premium-Wellness-Antrenor-Inot-1.jpeg 1400w, https:\/\/premiumwellness.ro\/wp-content\/uploads\/Premium-Wellness-Antrenor-Inot-1-300x200.jpeg 300w, https:\/\/premiumwellness.ro\/wp-content\/uploads\/Premium-Wellness-Antrenor-Inot-1-1024x682.jpeg 1024w, https:\/\/premiumwellness.ro\/wp-content\/uploads\/Premium-Wellness-Antrenor-Inot-1-768x512.jpeg 768w\" sizes=\"(max-width: 1400px) 100vw, 1400px\" \/><\/p><p><strong>Methodology<\/strong>:<\/p><p>SWIMMING COURSES ADDRESS SPECIFIC, MODERN COACHING METHODS, ALIGNED WITH NATIONAL AND INTERNATIONAL STANDARDS.<\/p><p>The courses cover all levels of training, from initiation to the competitive phase, through a systematic, staged and unitary teaching method. It is a smart coaching concept that ensures efficiency, results, but also fun.<\/p><p><img decoding=\"async\" class=\"alignnone size-full wp-image-263\" src=\"http:\/\/premiumwellness.ro\/wp-content\/uploads\/cursuri-de-inot-premium-wellness-3-1.jpg\" alt=\"\" width=\"1400\" height=\"933\" title=\"\" srcset=\"https:\/\/premiumwellness.ro\/wp-content\/uploads\/cursuri-de-inot-premium-wellness-3-1.jpg 1400w, https:\/\/premiumwellness.ro\/wp-content\/uploads\/cursuri-de-inot-premium-wellness-3-1-300x200.jpg 300w, https:\/\/premiumwellness.ro\/wp-content\/uploads\/cursuri-de-inot-premium-wellness-3-1-1024x682.jpg 1024w, https:\/\/premiumwellness.ro\/wp-content\/uploads\/cursuri-de-inot-premium-wellness-3-1-768x512.jpg 768w\" sizes=\"(max-width: 1400px) 100vw, 1400px\" \/><\/p><p>The parents of the young athletes have at their disposal all the information regarding the child&#8217;s course and evolution. We believe that progress must be sustained, so we develop an open, transparent relationship with parents, with whom we maintain a regular dialogue and present them with individual files of evolution in swimming.<\/p><p><strong>Children&#8217;s swimming lessons program:<\/strong><\/p><p>Monday-Friday &#8211; 15-20<\/p><p>Saturday &#8211; 10-12<\/p><p><strong>Adult swimming lessons program:<\/strong><\/p><p>Wednesday &#8211;\u00a0 Friday 20-21<\/p>\t\t\t\t\t\t\t\t<\/div>\n\t\t\t\t<\/div>\n\t\t\t\t\t<\/div>\n\t\t<\/div>\n\t\t\t\t\t<\/div>\n\t\t<\/section>\n\t\t\t\t<section class=\"elementor-section elementor-top-section elementor-element elementor-element-e0c64e7 elementor-section-boxed elementor-section-height-default elementor-section-height-default\" data-id=\"e0c64e7\" data-element_type=\"section\" data-e-type=\"section\">\n\t\t\t\t\t\t<div class=\"elementor-container elementor-column-gap-default\">\n\t\t\t\t\t<div class=\"elementor-column elementor-col-100 elementor-top-column elementor-element elementor-element-2397fdd\" data-id=\"2397fdd\" data-element_type=\"column\" data-e-type=\"column\">\n\t\t\t<div class=\"elementor-widget-wrap elementor-element-populated\">\n\t\t\t\t\t\t<div class=\"elementor-element elementor-element-fedf5e1 elementor-position-left elementor-vertical-align-top elementor-widget elementor-widget-image-box\" data-id=\"fedf5e1\" data-element_type=\"widget\" data-e-type=\"widget\" data-widget_type=\"image-box.default\">\n\t\t\t\t<div class=\"elementor-widget-container\">\n\t\t\t\t\t<div class=\"elementor-image-box-wrapper\"><figure class=\"elementor-image-box-img\"><img loading=\"lazy\" decoding=\"async\" width=\"171\" height=\"171\" src=\"https:\/\/premiumwellness.ro\/wp-content\/uploads\/antrenor-inot-premium-wellness.png\" class=\"attachment-full size-full wp-image-392\" alt=\"\" title=\"\" srcset=\"https:\/\/premiumwellness.ro\/wp-content\/uploads\/antrenor-inot-premium-wellness.png 171w, https:\/\/premiumwellness.ro\/wp-content\/uploads\/antrenor-inot-premium-wellness-150x150.png 150w\" sizes=\"(max-width: 171px) 100vw, 171px\" \/><\/figure><div class=\"elementor-image-box-content\"><h3 class=\"elementor-image-box-title\">Sabri Jari<\/h3><p class=\"elementor-image-box-description\"><strong>Antrenor<\/strong><\/br>\nMultiplu campion \u00een competi\u021bii na\u021bionale \u0219i interna\u021bionale, Sabri este \u0219i arbitru de nata\u0163ie nivelul A. Activitatea sa de antrenor este recunoscut\u0103 at\u00e2t prin rezultatele ob\u021binute de elevii s\u0103i, la prestigioase concursuri de nata\u021bie, c\u00e2t \u0219i la nivel oficial, prin diploma de excelen\u021b\u0103 de la Ministerul Educa\u0163iei Na\u0163ionale \u015fi Cercet\u0103rii \u0218tiin\u0163ifice, pentru rezultate deosebite la competi\u0163iile interna\u0163ionale \u0219i \u00een preg\u0103tirea sportivilor de performan\u021b\u0103. Sabri de\u021bine \u0219i titlul de Doctor \u00een \u015etiin\u0163ele Motricit\u0103\u0163ii Umane \u00eempreun\u0103 cu un Brevet Federal de Formare, calificative ce-i confer\u0103 competen\u021bele pedagogice necesare pentru a fi un antrenor de elit\u0103.<\/p><\/div><\/div>\t\t\t\t<\/div>\n\t\t\t\t<\/div>\n\t\t\t\t\t<\/div>\n\t\t<\/div>\n\t\t\t\t\t<\/div>\n\t\t<\/section>\n\t\t\t\t<section class=\"elementor-section elementor-top-section elementor-element elementor-element-bf62700 elementor-section-boxed elementor-section-height-default elementor-section-height-default\" data-id=\"bf62700\" data-element_type=\"section\" data-e-type=\"section\">\n\t\t\t\t\t\t<div class=\"elementor-container elementor-column-gap-default\">\n\t\t\t\t\t<div class=\"elementor-column elementor-col-100 elementor-top-column elementor-element elementor-element-b90b00c\" data-id=\"b90b00c\" data-element_type=\"column\" data-e-type=\"column\">\n\t\t\t<div class=\"elementor-widget-wrap elementor-element-populated\">\n\t\t\t\t\t\t<div class=\"elementor-element elementor-element-7eeeb16 elementor-tabs-view-vertical elementor-widget elementor-widget-tabs\" data-id=\"7eeeb16\" data-element_type=\"widget\" data-e-type=\"widget\" data-widget_type=\"tabs.default\">\n\t\t\t\t<div class=\"elementor-widget-container\">\n\t\t\t\t\t\t\t<div class=\"elementor-tabs\">\n\t\t\t<div class=\"elementor-tabs-wrapper\" role=\"tablist\" >\n\t\t\t\t\t\t\t\t\t<div id=\"elementor-tab-title-1331\" class=\"elementor-tab-title elementor-tab-desktop-title\" aria-selected=\"true\" data-tab=\"1\" role=\"tab\" tabindex=\"0\" aria-controls=\"elementor-tab-content-1331\" aria-expanded=\"false\">Group meeting<\/div>\n\t\t\t\t\t\t\t\t\t<div id=\"elementor-tab-title-1332\" class=\"elementor-tab-title elementor-tab-desktop-title\" aria-selected=\"false\" data-tab=\"2\" role=\"tab\" tabindex=\"-1\" aria-controls=\"elementor-tab-content-1332\" aria-expanded=\"false\">Children's season tickets:<\/div>\n\t\t\t\t\t\t\t\t\t<div id=\"elementor-tab-title-1333\" class=\"elementor-tab-title elementor-tab-desktop-title\" aria-selected=\"false\" data-tab=\"3\" role=\"tab\" tabindex=\"-1\" aria-controls=\"elementor-tab-content-1333\" aria-expanded=\"false\">Adult group subscriptions:<\/div>\n\t\t\t\t\t\t\t\t\t<div id=\"elementor-tab-title-1334\" class=\"elementor-tab-title elementor-tab-desktop-title\" aria-selected=\"false\" data-tab=\"4\" role=\"tab\" tabindex=\"-1\" aria-controls=\"elementor-tab-content-1334\" aria-expanded=\"false\">Student subscription:<\/div>\n\t\t\t\t\t\t\t\t\t<div id=\"elementor-tab-title-1335\" class=\"elementor-tab-title elementor-tab-desktop-title\" aria-selected=\"false\" data-tab=\"5\" role=\"tab\" tabindex=\"-1\" aria-controls=\"elementor-tab-content-1335\" aria-expanded=\"false\">Personal trainer season tickets:<\/div>\n\t\t\t\t\t\t\t\t\t<div id=\"elementor-tab-title-1336\" class=\"elementor-tab-title elementor-tab-desktop-title\" aria-selected=\"false\" data-tab=\"6\" role=\"tab\" tabindex=\"-1\" aria-controls=\"elementor-tab-content-1336\" aria-expanded=\"false\">Performance subscription:<\/div>\n\t\t\t\t\t\t\t<\/div>\n\t\t\t<div class=\"elementor-tabs-content-wrapper\" role=\"tablist\" aria-orientation=\"vertical\">\n\t\t\t\t\t\t\t\t\t<div class=\"elementor-tab-title elementor-tab-mobile-title\" aria-selected=\"true\" data-tab=\"1\" role=\"tab\" tabindex=\"0\" aria-controls=\"elementor-tab-content-1331\" aria-expanded=\"false\">Group meeting<\/div>\n\t\t\t\t\t<div id=\"elementor-tab-content-1331\" class=\"elementor-tab-content elementor-clearfix\" data-tab=\"1\" role=\"tabpanel\" aria-labelledby=\"elementor-tab-title-1331\" tabindex=\"0\" hidden=\"false\">1 group meeting &#8211; 50 ron\n<\/br>\n1 session Personal trainer &#8211; 120 ron\n<\/br>\n<\/br>\nFOR REGISTRATION AND SCHEDULE<\/br>\nYou can contact us at the phone number:\n<a href=\"tel:0749044721\">0749.044.721<\/a>\n<\/div>\n\t\t\t\t\t\t\t\t\t<div class=\"elementor-tab-title elementor-tab-mobile-title\" aria-selected=\"false\" data-tab=\"2\" role=\"tab\" tabindex=\"-1\" aria-controls=\"elementor-tab-content-1332\" aria-expanded=\"false\">Children's season tickets:<\/div>\n\t\t\t\t\t<div id=\"elementor-tab-content-1332\" class=\"elementor-tab-content elementor-clearfix\" data-tab=\"2\" role=\"tabpanel\" aria-labelledby=\"elementor-tab-title-1332\" tabindex=\"0\" hidden=\"hidden\">4 sessions-200 ron\n<\/br>\n8 sessions-300 RON\n<\/br>\n12 sessions-400 RON\n<\/br><\/br>\nFOR REGISTRATION AND SCHEDULE<\/br>\nYou can contact us at the phone number:\n<a href=\"tel:0749044721\">0749.044.721<\/a>\n<\/div>\n\t\t\t\t\t\t\t\t\t<div class=\"elementor-tab-title elementor-tab-mobile-title\" aria-selected=\"false\" data-tab=\"3\" role=\"tab\" tabindex=\"-1\" aria-controls=\"elementor-tab-content-1333\" aria-expanded=\"false\">Adult group subscriptions:<\/div>\n\t\t\t\t\t<div id=\"elementor-tab-content-1333\" class=\"elementor-tab-content elementor-clearfix\" data-tab=\"3\" role=\"tabpanel\" aria-labelledby=\"elementor-tab-title-1333\" tabindex=\"0\" hidden=\"hidden\">8 sessions 400 ron\n<\/br>\nFOR REGISTRATION AND SCHEDULE<\/br><\/br>\nYou can contact us at the phone number:\n<a href=\"tel:0749044721\">0749.044.721<\/a>\n<\/div>\n\t\t\t\t\t\t\t\t\t<div class=\"elementor-tab-title elementor-tab-mobile-title\" aria-selected=\"false\" data-tab=\"4\" role=\"tab\" tabindex=\"-1\" aria-controls=\"elementor-tab-content-1334\" aria-expanded=\"false\">Student subscription:<\/div>\n\t\t\t\t\t<div id=\"elementor-tab-content-1334\" class=\"elementor-tab-content elementor-clearfix\" data-tab=\"4\" role=\"tabpanel\" aria-labelledby=\"elementor-tab-title-1334\" tabindex=\"0\" hidden=\"hidden\">8 sessions &#8211; 200 ron\n<\/br><\/br>\nFOR REGISTRATION AND SCHEDULE<\/br>\nYou can contact us at the phone number:\n<a href=\"tel:0749044721\">0749.044.721<\/a>\n<\/div>\n\t\t\t\t\t\t\t\t\t<div class=\"elementor-tab-title elementor-tab-mobile-title\" aria-selected=\"false\" data-tab=\"5\" role=\"tab\" tabindex=\"-1\" aria-controls=\"elementor-tab-content-1335\" aria-expanded=\"false\">Personal trainer season tickets:<\/div>\n\t\t\t\t\t<div id=\"elementor-tab-content-1335\" class=\"elementor-tab-content elementor-clearfix\" data-tab=\"5\" role=\"tabpanel\" aria-labelledby=\"elementor-tab-title-1335\" tabindex=\"0\" hidden=\"hidden\">8 sessions &#8211; 700 ron\n<\/br>\n12 sessions &#8211; 1000 RON\n<\/br><\/br>\nFOR REGISTRATION AND SCHEDULE<\/br>\nYou can contact us at the phone number:\n<a href=\"tel:0749044721\">0749.044.721<\/a>\n<\/div>\n\t\t\t\t\t\t\t\t\t<div class=\"elementor-tab-title elementor-tab-mobile-title\" aria-selected=\"false\" data-tab=\"6\" role=\"tab\" tabindex=\"-1\" aria-controls=\"elementor-tab-content-1336\" aria-expanded=\"false\">Performance subscription:<\/div>\n\t\t\t\t\t<div id=\"elementor-tab-content-1336\" class=\"elementor-tab-content elementor-clearfix\" data-tab=\"6\" role=\"tabpanel\" aria-labelledby=\"elementor-tab-title-1336\" tabindex=\"0\" hidden=\"hidden\">500 ron (unlimited sessions)\n<\/br><\/br>\nFOR REGISTRATION AND SCHEDULE<\/br>\nYou can contact us at the phone number:\n<a href=\"tel:0749044721\">0749.044.721<\/a>\n<\/div>\n\t\t\t\t\t\t\t<\/div>\n\t\t<\/div>\n\t\t\t\t\t\t<\/div>\n\t\t\t\t<\/div>\n\t\t\t\t\t<\/div>\n\t\t<\/div>\n\t\t\t\t\t<\/div>\n\t\t<\/section>\n\t\t\t\t<\/div>\n\t\t","protected":false},"excerpt":{"rendered":"<p>Swimming is a life skill, great exercise, and a challenging sport. Whether you\u2019re looking for swim classes for your kids, want to learn water safety, or enjoy swimming as a form of exercise, you\u2019ll find what you\u2019re looking for at Premium Wellness Institute. \u00a0\u00a0 The guarantee of the swimming courses within the Sports Center is<\/p>\n","protected":false},"author":2,"featured_media":136,"parent":41,"menu_order":0,"comment_status":"closed","ping_status":"closed","template":"","meta":{"footnotes":""},"class_list":["post-61","page","type-page","status-publish","has-post-thumbnail","hentry"],"_links":{"self":[{"href":"https:\/\/premiumwellness.ro\/en\/wp-json\/wp\/v2\/pages\/61"}],"collection":[{"href":"https:\/\/premiumwellness.ro\/en\/wp-json\/wp\/v2\/pages"}],"about":[{"href":"https:\/\/premiumwellness.ro\/en\/wp-json\/wp\/v2\/types\/page"}],"author":[{"embeddable":true,"href":"https:\/\/premiumwellness.ro\/en\/wp-json\/wp\/v2\/users\/2"}],"replies":[{"embeddable":true,"href":"https:\/\/premiumwellness.ro\/en\/wp-json\/wp\/v2\/comments?post=61"}],"version-history":[{"count":4,"href":"https:\/\/premiumwellness.ro\/en\/wp-json\/wp\/v2\/pages\/61\/revisions"}],"predecessor-version":[{"id":394,"href":"https:\/\/premiumwellness.ro\/en\/wp-json\/wp\/v2\/pages\/61\/revisions\/394"}],"up":[{"embeddable":true,"href":"https:\/\/premiumwellness.ro\/en\/wp-json\/wp\/v2\/pages\/41"}],"wp:featuredmedia":[{"embeddable":true,"href":"https:\/\/premiumwellness.ro\/en\/wp-json\/wp\/v2\/media\/136"}],"wp:attachment":[{"href":"https:\/\/premiumwellness.ro\/en\/wp-json\/wp\/v2\/media?parent=61"}],"curies":[{"name":"wp","href":"https:\/\/api.w.org\/{rel}","templated":true}]}}